{"id":26,"date":"2024-11-18T11:35:07","date_gmt":"2024-11-18T10:35:07","guid":{"rendered":"https:\/\/dlmneu.vhs-dithmarschen.de\/?page_id=26"},"modified":"2024-11-25T09:59:23","modified_gmt":"2024-11-25T08:59:23","slug":"besuch-planen","status":"publish","type":"page","link":"https:\/\/dlmneu.vhs-dithmarschen.de\/index.php\/besuch-planen\/","title":{"rendered":"Besuch planen"},"content":{"rendered":"\t\t<div data-elementor-type=\"wp-page\" data-elementor-id=\"26\" class=\"elementor elementor-26\">\n\t\t\t\t<div class=\"elementor-element elementor-element-0cd2818 e-flex e-con-boxed e-con e-parent\" data-id=\"0cd2818\" data-element_type=\"container\" data-settings=\"{&quot;background_background&quot;:&quot;classic&quot;}\">\n\t\t\t\t\t<div class=\"e-con-inner\">\n\t\t\t\t<div class=\"elementor-element elementor-element-a339476 page-title elementor-widget elementor-widget-heading\" data-id=\"a339476\" data-element_type=\"widget\" data-widget_type=\"heading.default\">\n\t\t\t\t<div class=\"elementor-widget-container\">\n\t\t\t<h1 class=\"elementor-heading-title elementor-size-default\">Besuch planen<\/h1>\t\t<\/div>\n\t\t\t\t<\/div>\n\t\t\t\t\t<\/div>\n\t\t\t\t<\/div>\n\t\t<div class=\"elementor-element elementor-element-4f69d80 e-flex e-con-boxed e-con e-parent\" data-id=\"4f69d80\" data-element_type=\"container\">\n\t\t\t\t\t<div class=\"e-con-inner\">\n\t\t<div class=\"elementor-element elementor-element-18fc3d0 e-con-full e-flex e-con e-child\" data-id=\"18fc3d0\" data-element_type=\"container\">\n\t\t<div class=\"elementor-element elementor-element-c429778 e-con-full arrow e-flex e-con e-child\" data-id=\"c429778\" data-element_type=\"container\">\n\t\t\t\t<div class=\"elementor-element elementor-element-c0256ef elementor-widget elementor-widget-heading\" data-id=\"c0256ef\" data-element_type=\"widget\" data-widget_type=\"heading.default\">\n\t\t\t\t<div class=\"elementor-widget-container\">\n\t\t\t<h2 class=\"elementor-heading-title elementor-size-default\">\u00d6ffnungszeiten<\/h2>\t\t<\/div>\n\t\t\t\t<\/div>\n\t\t\t\t<div class=\"elementor-element elementor-element-b64d5a7 elementor-widget elementor-widget-text-editor\" data-id=\"b64d5a7\" data-element_type=\"widget\" data-widget_type=\"text-editor.default\">\n\t\t\t\t<div class=\"elementor-widget-container\">\n\t\t\t\t\t\t\t<div>Dienstag &#8211; Sonntag: 10:00 &#8211; 17:00 Uhr<\/div><div>Letzter Einlass: 16:15 Uhr<\/div>\t\t\t\t\t\t<\/div>\n\t\t\t\t<\/div>\n\t\t\t\t<\/div>\n\t\t\t\t<\/div>\n\t\t<div class=\"elementor-element elementor-element-73fb1ce e-con-full e-flex e-con e-child\" data-id=\"73fb1ce\" data-element_type=\"container\">\n\t\t\t\t<div class=\"elementor-element elementor-element-fed9933 elementor-widget elementor-widget-image\" data-id=\"fed9933\" data-element_type=\"widget\" data-widget_type=\"image.default\">\n\t\t\t\t<div class=\"elementor-widget-container\">\n\t\t\t\t\t\t\t\t\t\t\t\t\t<img fetchpriority=\"high\" decoding=\"async\" width=\"1024\" height=\"480\" src=\"https:\/\/dlmneu.vhs-dithmarschen.de\/wp-content\/uploads\/2024\/11\/Eingang60-1024x480.jpg\" class=\"attachment-large size-large wp-image-735\" alt=\"\" srcset=\"https:\/\/dlmneu.vhs-dithmarschen.de\/wp-content\/uploads\/2024\/11\/Eingang60-1024x480.jpg 1024w, https:\/\/dlmneu.vhs-dithmarschen.de\/wp-content\/uploads\/2024\/11\/Eingang60-300x141.jpg 300w, https:\/\/dlmneu.vhs-dithmarschen.de\/wp-content\/uploads\/2024\/11\/Eingang60-768x360.jpg 768w, https:\/\/dlmneu.vhs-dithmarschen.de\/wp-content\/uploads\/2024\/11\/Eingang60.jpg 1391w\" sizes=\"(max-width: 1024px) 100vw, 1024px\" \/>\t\t\t\t\t\t\t\t\t\t\t\t\t<\/div>\n\t\t\t\t<\/div>\n\t\t\t\t<\/div>\n\t\t\t\t\t<\/div>\n\t\t\t\t<\/div>\n\t\t<div class=\"elementor-element elementor-element-21c4c9e e-flex e-con-boxed e-con e-parent\" data-id=\"21c4c9e\" data-element_type=\"container\">\n\t\t\t\t\t<div class=\"e-con-inner\">\n\t\t\t\t<div class=\"elementor-element elementor-element-8bffb44 elementor-widget-divider--separator-type-pattern elementor-widget-divider--view-line elementor-widget elementor-widget-divider\" data-id=\"8bffb44\" data-element_type=\"widget\" data-widget_type=\"divider.default\">\n\t\t\t\t<div class=\"elementor-widget-container\">\n\t\t\t\t\t<div class=\"elementor-divider\" style=\"--divider-pattern-url: url(&quot;data:image\/svg+xml,%3Csvg xmlns=&#039;http:\/\/www.w3.org\/2000\/svg&#039; preserveAspectRatio=&#039;none&#039; overflow=&#039;visible&#039; height=&#039;100%&#039; viewBox=&#039;0 0 20 16&#039; fill=&#039;none&#039; stroke=&#039;black&#039; stroke-width=&#039;1&#039; stroke-linecap=&#039;square&#039; stroke-miterlimit=&#039;10&#039;%3E%3Cg transform=&#039;translate(-12.000000, 0)&#039;%3E%3Cpath d=&#039;M28,0L10,18&#039;\/%3E%3Cpath d=&#039;M18,0L0,18&#039;\/%3E%3Cpath d=&#039;M48,0L30,18&#039;\/%3E%3Cpath d=&#039;M38,0L20,18&#039;\/%3E%3C\/g%3E%3C\/svg%3E&quot;);\">\n\t\t\t<span class=\"elementor-divider-separator\">\n\t\t\t\t\t\t<\/span>\n\t\t<\/div>\n\t\t\t\t<\/div>\n\t\t\t\t<\/div>\n\t\t\t\t\t<\/div>\n\t\t\t\t<\/div>\n\t\t<div class=\"elementor-element elementor-element-3092ea9 e-flex e-con-boxed e-con e-parent\" data-id=\"3092ea9\" data-element_type=\"container\">\n\t\t\t\t\t<div class=\"e-con-inner\">\n\t\t<div class=\"elementor-element elementor-element-88523bf e-con-full e-flex e-con e-child\" data-id=\"88523bf\" data-element_type=\"container\">\n\t\t<div class=\"elementor-element elementor-element-1d86aa0 e-con-full arrow e-flex e-con e-child\" data-id=\"1d86aa0\" data-element_type=\"container\">\n\t\t\t\t<div class=\"elementor-element elementor-element-9abd357 elementor-widget elementor-widget-heading\" data-id=\"9abd357\" data-element_type=\"widget\" data-widget_type=\"heading.default\">\n\t\t\t\t<div class=\"elementor-widget-container\">\n\t\t\t<h2 class=\"elementor-heading-title elementor-size-default\">Kontakt<\/h2>\t\t<\/div>\n\t\t\t\t<\/div>\n\t\t\t\t<div class=\"elementor-element elementor-element-71d7a8d elementor-widget elementor-widget-text-editor\" data-id=\"71d7a8d\" data-element_type=\"widget\" data-widget_type=\"text-editor.default\">\n\t\t\t\t<div class=\"elementor-widget-container\">\n\t\t\t\t\t\t\t<p>Dithmarscher Landesmuseum<br \/>B\u00fctjestra\u00dfe 2 4 (Eingang \u00fcber Domstra\u00dfe)<br \/>25704 Meldorf<\/p><p>Telefon: 0481 \/ 97-5600<br \/>E Mail: info@landesmuseum-dithmarschen.de<\/p>\t\t\t\t\t\t<\/div>\n\t\t\t\t<\/div>\n\t\t\t\t<\/div>\n\t\t<div class=\"elementor-element elementor-element-236fe7a e-con-full e-flex e-con e-child\" data-id=\"236fe7a\" data-element_type=\"container\">\n\t\t\t\t<div class=\"elementor-element elementor-element-df5e949 elementor-hidden-mobile elementor-widget elementor-widget-image\" data-id=\"df5e949\" data-element_type=\"widget\" data-widget_type=\"image.default\">\n\t\t\t\t<div class=\"elementor-widget-container\">\n\t\t\t\t\t\t\t\t\t\t\t\t\t<img decoding=\"async\" width=\"927\" height=\"652\" src=\"https:\/\/dlmneu.vhs-dithmarschen.de\/wp-content\/uploads\/2024\/11\/Schmied40.jpg\" class=\"attachment-large size-large wp-image-742\" alt=\"\" srcset=\"https:\/\/dlmneu.vhs-dithmarschen.de\/wp-content\/uploads\/2024\/11\/Schmied40.jpg 927w, https:\/\/dlmneu.vhs-dithmarschen.de\/wp-content\/uploads\/2024\/11\/Schmied40-300x211.jpg 300w, https:\/\/dlmneu.vhs-dithmarschen.de\/wp-content\/uploads\/2024\/11\/Schmied40-768x540.jpg 768w\" sizes=\"(max-width: 927px) 100vw, 927px\" \/>\t\t\t\t\t\t\t\t\t\t\t\t\t<\/div>\n\t\t\t\t<\/div>\n\t\t\t\t<div class=\"elementor-element elementor-element-dcfc465 elementor-hidden-desktop elementor-hidden-tablet elementor-widget elementor-widget-image\" data-id=\"dcfc465\" data-element_type=\"widget\" data-widget_type=\"image.default\">\n\t\t\t\t<div class=\"elementor-widget-container\">\n\t\t\t\t\t\t\t\t\t\t\t\t\t<img decoding=\"async\" width=\"1024\" height=\"480\" src=\"https:\/\/dlmneu.vhs-dithmarschen.de\/wp-content\/uploads\/2024\/11\/Schmied60-1024x480.jpg\" class=\"attachment-large size-large wp-image-753\" alt=\"\" srcset=\"https:\/\/dlmneu.vhs-dithmarschen.de\/wp-content\/uploads\/2024\/11\/Schmied60-1024x480.jpg 1024w, https:\/\/dlmneu.vhs-dithmarschen.de\/wp-content\/uploads\/2024\/11\/Schmied60-300x141.jpg 300w, https:\/\/dlmneu.vhs-dithmarschen.de\/wp-content\/uploads\/2024\/11\/Schmied60-768x360.jpg 768w, https:\/\/dlmneu.vhs-dithmarschen.de\/wp-content\/uploads\/2024\/11\/Schmied60.jpg 1391w\" sizes=\"(max-width: 1024px) 100vw, 1024px\" \/>\t\t\t\t\t\t\t\t\t\t\t\t\t<\/div>\n\t\t\t\t<\/div>\n\t\t\t\t<\/div>\n\t\t\t\t<\/div>\n\t\t<div class=\"elementor-element elementor-element-11b0d70 e-con-full e-flex e-con e-child\" data-id=\"11b0d70\" data-element_type=\"container\">\n\t\t<div class=\"elementor-element elementor-element-2b0b188 e-con-full arrow e-flex e-con e-child\" data-id=\"2b0b188\" data-element_type=\"container\">\n\t\t\t\t<div class=\"elementor-element elementor-element-97a3a8b elementor-widget elementor-widget-heading\" data-id=\"97a3a8b\" data-element_type=\"widget\" data-widget_type=\"heading.default\">\n\t\t\t\t<div class=\"elementor-widget-container\">\n\t\t\t<h2 class=\"elementor-heading-title elementor-size-default\">Anreise<\/h2>\t\t<\/div>\n\t\t\t\t<\/div>\n\t\t\t\t<div class=\"elementor-element elementor-element-2a45422 elementor-widget elementor-widget-text-editor\" data-id=\"2a45422\" data-element_type=\"widget\" data-widget_type=\"text-editor.default\">\n\t\t\t\t<div class=\"elementor-widget-container\">\n\t\t\t\t\t\t\t<p><strong>Mit dem PKW<\/strong><br \/>Auf der A23 die Abfahrt Albersdorf (Abfahrt 4) nehmen und der B 431 nach Meldorf folgen. Im Kreisel zweite Ausfahrt Richtung Markt\/Domstra\u00dfe.<br \/>\u00dcber die B 5 von Heide oder Brunsb\u00fcttel kommend, folgen Sie bitte der Beschilderung im Ort.<br \/>Kostenfreie Parkpl\u00e4tze stehen auf dem museumseigenen Parkplatz an der Domstra\u00dfe zur Verf\u00fcgung. In der B\u00fctjestra\u00dfe ist Parken nur mit zeitlicher Begrenzung m\u00f6glich (Parkscheibe).<\/p><p><strong>Mit der Bahn<\/strong><br \/>Meldorf wird von Hamburg \u00fcber Itzehoe oder von Westerland \u00fcber Husum und Heide angefahren. Vom Bahnhof ist das Museum fu\u00dfl\u00e4ufig in 10 Min. zu erreichen (Am Bahnhof &#8211; Zingelstra\u00dfe &#8211; Kampstra\u00dfe &#8211; Klosterstra\u00dfe &#8211; Domstra\u00dfe).<\/p><p><strong>Mit dem Bus<\/strong><br \/>Der Meldorfer ZOB wird regelm\u00e4\u00dfig von mehreren Buslinien angefahren (beispielsweise 2503, 2504, 2506, 2507, 2582, 2583 usw.). Von dort ist das Museum wiederum fu\u00dfl\u00e4ufig zu erreichen (vgl. Verbindung Bahnhof Museum).<\/p><p><strong>Mit dem Reisebus<\/strong><br \/>Die B\u00fctjestra\u00dfe bietet ausreichend Platz f\u00fcr einen kurzen Aussteigehalt in Eingangsn\u00e4he. Eine Freifl\u00e4che gegen\u00fcber des Kreisels Kampstra\u00dfe Ecke B431 bietet anschlie\u00dfend gen\u00fcgend Platz zum Parken.<\/p>\t\t\t\t\t\t<\/div>\n\t\t\t\t<\/div>\n\t\t\t\t<\/div>\n\t\t\t\t<\/div>\n\t\t\t\t\t<\/div>\n\t\t\t\t<\/div>\n\t\t<div class=\"elementor-element elementor-element-954755f e-flex e-con-boxed e-con e-parent\" data-id=\"954755f\" data-element_type=\"container\">\n\t\t\t\t\t<div class=\"e-con-inner\">\n\t\t\t\t<div class=\"elementor-element elementor-element-c3cc2d9 elementor-widget-divider--separator-type-pattern elementor-widget-divider--view-line elementor-widget elementor-widget-divider\" data-id=\"c3cc2d9\" data-element_type=\"widget\" data-widget_type=\"divider.default\">\n\t\t\t\t<div class=\"elementor-widget-container\">\n\t\t\t\t\t<div class=\"elementor-divider\" style=\"--divider-pattern-url: url(&quot;data:image\/svg+xml,%3Csvg xmlns=&#039;http:\/\/www.w3.org\/2000\/svg&#039; preserveAspectRatio=&#039;none&#039; overflow=&#039;visible&#039; height=&#039;100%&#039; viewBox=&#039;0 0 20 16&#039; fill=&#039;none&#039; stroke=&#039;black&#039; stroke-width=&#039;1&#039; stroke-linecap=&#039;square&#039; stroke-miterlimit=&#039;10&#039;%3E%3Cg transform=&#039;translate(-12.000000, 0)&#039;%3E%3Cpath d=&#039;M28,0L10,18&#039;\/%3E%3Cpath d=&#039;M18,0L0,18&#039;\/%3E%3Cpath d=&#039;M48,0L30,18&#039;\/%3E%3Cpath d=&#039;M38,0L20,18&#039;\/%3E%3C\/g%3E%3C\/svg%3E&quot;);\">\n\t\t\t<span class=\"elementor-divider-separator\">\n\t\t\t\t\t\t<\/span>\n\t\t<\/div>\n\t\t\t\t<\/div>\n\t\t\t\t<\/div>\n\t\t\t\t\t<\/div>\n\t\t\t\t<\/div>\n\t\t<div class=\"elementor-element elementor-element-36cbd01 e-flex e-con-boxed e-con e-parent\" data-id=\"36cbd01\" data-element_type=\"container\">\n\t\t\t\t\t<div class=\"e-con-inner\">\n\t\t<div class=\"elementor-element elementor-element-52e426e e-con-full e-flex e-con e-child\" data-id=\"52e426e\" data-element_type=\"container\">\n\t\t<div class=\"elementor-element elementor-element-e99f28d e-con-full arrow e-flex e-con e-child\" data-id=\"e99f28d\" data-element_type=\"container\">\n\t\t\t\t<div class=\"elementor-element elementor-element-9ef2c0c elementor-widget elementor-widget-heading\" data-id=\"9ef2c0c\" data-element_type=\"widget\" data-widget_type=\"heading.default\">\n\t\t\t\t<div class=\"elementor-widget-container\">\n\t\t\t<h2 class=\"elementor-heading-title elementor-size-default\">Eintrittspreise<\/h2>\t\t<\/div>\n\t\t\t\t<\/div>\n\t\t\t\t<div class=\"elementor-element elementor-element-0c02ed3 elementor-widget elementor-widget-text-editor\" data-id=\"0c02ed3\" data-element_type=\"widget\" data-widget_type=\"text-editor.default\">\n\t\t\t\t<div class=\"elementor-widget-container\">\n\t\t\t\t\t\t\t<p>Personen ab 18 Jahren:<br \/>6,00 \u20ac<\/p><p>Kinder und Jugendliche von 6 bis 17 Jahren:<br \/>3,00 \u20ac<\/p><p>Kinder unter 6 Jahre:<br \/>frei<\/p><p>Familienkarte*:<br \/>15,00\u20ac<\/p><p>* Als Familie gelten:<br \/><span style=\"text-decoration: underline;\">beide<\/span> Eltern\/Gro\u00dfelternteile mit bis zu <span style=\"text-decoration: underline;\">drei<\/span> Kindern unter 18 Jahren<br \/><span style=\"text-decoration: underline;\">oder<\/span> ein Elternteil\/Gro\u00dfelternteil mit bis zu <span style=\"text-decoration: underline;\">vier<\/span> Kindern unter 18 Jahren<\/p>\t\t\t\t\t\t<\/div>\n\t\t\t\t<\/div>\n\t\t\t\t<\/div>\n\t\t\t\t<\/div>\n\t\t<div class=\"elementor-element elementor-element-1a4a1a9 e-con-full e-flex e-con e-child\" data-id=\"1a4a1a9\" data-element_type=\"container\">\n\t\t<div class=\"elementor-element elementor-element-0cbb752 e-con-full arrow e-flex e-con e-child\" data-id=\"0cbb752\" data-element_type=\"container\">\n\t\t\t\t<div class=\"elementor-element elementor-element-5afd9fc elementor-widget elementor-widget-heading\" data-id=\"5afd9fc\" data-element_type=\"widget\" data-widget_type=\"heading.default\">\n\t\t\t\t<div class=\"elementor-widget-container\">\n\t\t\t<h2 class=\"elementor-heading-title elementor-size-default\">Kombiticket<\/h2>\t\t<\/div>\n\t\t\t\t<\/div>\n\t\t\t\t<div class=\"elementor-element elementor-element-f569db6 elementor-widget elementor-widget-text-editor\" data-id=\"f569db6\" data-element_type=\"widget\" data-widget_type=\"text-editor.default\">\n\t\t\t\t<div class=\"elementor-widget-container\">\n\t\t\t\t\t\t\t<p>Beinhaltet den Eintritt in das Schleswig-Holsteinische Landwirtschaftsmuseum**<\/p><p>Personen ab 18 Jahren:<br \/>9,00 \u20ac<\/p><p>Kinder und Jugendliche von 6 bis 17 Jahren:<br \/>6,00 \u20ac<\/p><p>Familienkarte:<br \/>25,00 \u20ac<\/p><p>** Kombitickets umfassen ein Tagesticket Tagesticket f\u00fcr das Schleswig-Holsteinische Landwirtschaftsmuseum und das Dithmarscher\u00a0 Landesmuseum und sind im Zeitraum von sieben Tagen nach Kaufdatum einzul\u00f6sen.<\/p>\t\t\t\t\t\t<\/div>\n\t\t\t\t<\/div>\n\t\t\t\t<\/div>\n\t\t\t\t<\/div>\n\t\t\t\t\t<\/div>\n\t\t\t\t<\/div>\n\t\t<div class=\"elementor-element elementor-element-cd8b670 e-flex e-con-boxed e-con e-parent\" data-id=\"cd8b670\" data-element_type=\"container\">\n\t\t\t\t\t<div class=\"e-con-inner\">\n\t\t\t\t<div class=\"elementor-element elementor-element-3504023 elementor-widget-divider--separator-type-pattern elementor-widget-divider--view-line elementor-widget elementor-widget-divider\" data-id=\"3504023\" data-element_type=\"widget\" data-widget_type=\"divider.default\">\n\t\t\t\t<div class=\"elementor-widget-container\">\n\t\t\t\t\t<div class=\"elementor-divider\" style=\"--divider-pattern-url: url(&quot;data:image\/svg+xml,%3Csvg xmlns=&#039;http:\/\/www.w3.org\/2000\/svg&#039; preserveAspectRatio=&#039;none&#039; overflow=&#039;visible&#039; height=&#039;100%&#039; viewBox=&#039;0 0 20 16&#039; fill=&#039;none&#039; stroke=&#039;black&#039; stroke-width=&#039;1&#039; stroke-linecap=&#039;square&#039; stroke-miterlimit=&#039;10&#039;%3E%3Cg transform=&#039;translate(-12.000000, 0)&#039;%3E%3Cpath d=&#039;M28,0L10,18&#039;\/%3E%3Cpath d=&#039;M18,0L0,18&#039;\/%3E%3Cpath d=&#039;M48,0L30,18&#039;\/%3E%3Cpath d=&#039;M38,0L20,18&#039;\/%3E%3C\/g%3E%3C\/svg%3E&quot;);\">\n\t\t\t<span class=\"elementor-divider-separator\">\n\t\t\t\t\t\t<\/span>\n\t\t<\/div>\n\t\t\t\t<\/div>\n\t\t\t\t<\/div>\n\t\t\t\t\t<\/div>\n\t\t\t\t<\/div>\n\t\t<div class=\"elementor-element elementor-element-55e24ac e-flex e-con-boxed e-con e-parent\" data-id=\"55e24ac\" data-element_type=\"container\">\n\t\t\t\t\t<div class=\"e-con-inner\">\n\t\t<div class=\"elementor-element elementor-element-9cf317b e-con-full e-flex e-con e-child\" data-id=\"9cf317b\" data-element_type=\"container\">\n\t\t<div class=\"elementor-element elementor-element-a7f7c6f e-con-full arrow e-flex e-con e-child\" data-id=\"a7f7c6f\" data-element_type=\"container\">\n\t\t\t\t<div class=\"elementor-element elementor-element-a468172 elementor-widget elementor-widget-heading\" data-id=\"a468172\" data-element_type=\"widget\" data-widget_type=\"heading.default\">\n\t\t\t\t<div class=\"elementor-widget-container\">\n\t\t\t<h2 class=\"elementor-heading-title elementor-size-default\">FAQ<\/h2>\t\t<\/div>\n\t\t\t\t<\/div>\n\t\t\t\t<div class=\"elementor-element elementor-element-795bf92 elementor-widget elementor-widget-text-editor\" data-id=\"795bf92\" data-element_type=\"widget\" data-widget_type=\"text-editor.default\">\n\t\t\t\t<div class=\"elementor-widget-container\">\n\t\t\t\t\t\t\t<p><strong>Fahrradst\u00e4nder<\/strong><br \/>gibt es in ausreichender Menge vor dem Haupteingang und am Parkplatz hinter dem Museum<\/p><p><strong>Hunde<\/strong><br \/>Das Mitbringen von Hunden ins Museum ist leider nur bis in das Foyer gestattet. Davon ausgenommen sind lediglich Assistenzhunde f\u00fcr Menschen mit Behinderungen und chronischen Erkrankungen.<\/p><p><strong>Barrierearm<\/strong><br \/>Der Besuch des Museums und seiner Ausstellungen ist nach dem Umbau nun barrierarm m\u00f6glich.<br \/>Aufgrund der denkmalgesch\u00fctzten Geb\u00e4udestruktur befindet sich der Personenaufzug jedoch im neu geschaffenen Eingangsgeb\u00e4ude. Ein Rundgang durch die Dauerausstellungen in chronologischer Abfolge ist daher eingeschr\u00e4nkt.<\/p><p><strong>Wickelkommode<\/strong><br \/>steht in den sanit\u00e4ren Anlagen zur Verf\u00fcgung.<\/p><p><strong>Garderobe und Schlie\u00dff\u00e4cher<\/strong><br \/>stehen im Keller des Neubaus zur Verf\u00fcgung.<\/p><p><strong>Fotografieren<\/strong><br \/>ist f\u00fcr private Zwecke erlaubt. F\u00fcr alle anderen bitte erfragen.<\/p>\t\t\t\t\t\t<\/div>\n\t\t\t\t<\/div>\n\t\t\t\t<\/div>\n\t\t\t\t<\/div>\n\t\t<div class=\"elementor-element elementor-element-3fce340 e-con-full e-flex e-con e-child\" data-id=\"3fce340\" data-element_type=\"container\">\n\t\t<div class=\"elementor-element elementor-element-587eb17 e-con-full e-flex e-con e-child\" data-id=\"587eb17\" data-element_type=\"container\">\n\t\t\t\t<div class=\"elementor-element elementor-element-571fe71 elementor-hidden-mobile elementor-widget elementor-widget-image\" data-id=\"571fe71\" data-element_type=\"widget\" data-widget_type=\"image.default\">\n\t\t\t\t<div class=\"elementor-widget-container\">\n\t\t\t\t\t\t\t\t\t\t\t\t\t<img loading=\"lazy\" decoding=\"async\" width=\"927\" height=\"652\" src=\"https:\/\/dlmneu.vhs-dithmarschen.de\/wp-content\/uploads\/2024\/11\/Schmied240.jpg\" class=\"attachment-large size-large wp-image-749\" alt=\"\" srcset=\"https:\/\/dlmneu.vhs-dithmarschen.de\/wp-content\/uploads\/2024\/11\/Schmied240.jpg 927w, https:\/\/dlmneu.vhs-dithmarschen.de\/wp-content\/uploads\/2024\/11\/Schmied240-300x211.jpg 300w, https:\/\/dlmneu.vhs-dithmarschen.de\/wp-content\/uploads\/2024\/11\/Schmied240-768x540.jpg 768w\" sizes=\"(max-width: 927px) 100vw, 927px\" \/>\t\t\t\t\t\t\t\t\t\t\t\t\t<\/div>\n\t\t\t\t<\/div>\n\t\t\t\t<div class=\"elementor-element elementor-element-01423ce elementor-hidden-desktop elementor-hidden-tablet elementor-widget elementor-widget-image\" data-id=\"01423ce\" data-element_type=\"widget\" data-widget_type=\"image.default\">\n\t\t\t\t<div class=\"elementor-widget-container\">\n\t\t\t\t\t\t\t\t\t\t\t\t\t<img loading=\"lazy\" decoding=\"async\" width=\"1024\" height=\"480\" src=\"https:\/\/dlmneu.vhs-dithmarschen.de\/wp-content\/uploads\/2024\/11\/Schmied260-1024x480.jpg\" class=\"attachment-large size-large wp-image-754\" alt=\"\" srcset=\"https:\/\/dlmneu.vhs-dithmarschen.de\/wp-content\/uploads\/2024\/11\/Schmied260-1024x480.jpg 1024w, https:\/\/dlmneu.vhs-dithmarschen.de\/wp-content\/uploads\/2024\/11\/Schmied260-300x141.jpg 300w, https:\/\/dlmneu.vhs-dithmarschen.de\/wp-content\/uploads\/2024\/11\/Schmied260-768x360.jpg 768w, https:\/\/dlmneu.vhs-dithmarschen.de\/wp-content\/uploads\/2024\/11\/Schmied260.jpg 1391w\" sizes=\"(max-width: 1024px) 100vw, 1024px\" \/>\t\t\t\t\t\t\t\t\t\t\t\t\t<\/div>\n\t\t\t\t<\/div>\n\t\t\t\t<\/div>\n\t\t\t\t<\/div>\n\t\t\t\t\t<\/div>\n\t\t\t\t<\/div>\n\t\t\t\t<\/div>\n\t\t","protected":false},"excerpt":{"rendered":"<p>Besuch planen \u00d6ffnungszeiten Dienstag &#8211; Sonntag: 10:00 &#8211; 17:00 UhrLetzter Einlass: 16:15 Uhr Kontakt Dithmarscher LandesmuseumB\u00fctjestra\u00dfe 2 4 (Eingang \u00fcber [&hellip;]<\/p>\n","protected":false},"author":1,"featured_media":0,"parent":0,"menu_order":20,"comment_status":"closed","ping_status":"closed","template":"","meta":{"site-sidebar-layout":"no-sidebar","site-content-layout":"","ast-site-content-layout":"full-width-container","site-content-style":"default","site-sidebar-style":"default","ast-global-header-display":"","ast-banner-title-visibility":"","ast-main-header-display":"","ast-hfb-above-header-display":"","ast-hfb-below-header-display":"","ast-hfb-mobile-header-display":"","site-post-title":"disabled","ast-breadcrumbs-content":"","ast-featured-img":"disabled","footer-sml-layout":"","theme-transparent-header-meta":"default","adv-header-id-meta":"","stick-header-meta":"","header-above-stick-meta":"","header-main-stick-meta":"","header-below-stick-meta":"","astra-migrate-meta-layouts":"set","ast-page-background-enabled":"default","ast-page-background-meta":{"desktop":{"background-color":"var(--ast-global-color-4)","background-image":"","background-repeat":"repeat","background-position":"center center","background-size":"auto","background-attachment":"scroll","background-type":"","background-media":"","overlay-type":"","overlay-color":"","overlay-opacity":"","overlay-gradient":""},"tablet":{"background-color":"","background-image":"","background-repeat":"repeat","background-position":"center center","background-size":"auto","background-attachment":"scroll","background-type":"","background-media":"","overlay-type":"","overlay-color":"","overlay-opacity":"","overlay-gradient":""},"mobile":{"background-color":"","background-image":"","background-repeat":"repeat","background-position":"center center","background-size":"auto","background-attachment":"scroll","background-type":"","background-media":"","overlay-type":"","overlay-color":"","overlay-opacity":"","overlay-gradient":""}},"ast-content-background-meta":{"desktop":{"background-color":"var(--ast-global-color-5)","background-image":"","background-repeat":"repeat","background-position":"center center","background-size":"auto","background-attachment":"scroll","background-type":"","background-media":"","overlay-type":"","overlay-color":"","overlay-opacity":"","overlay-gradient":""},"tablet":{"background-color":"var(--ast-global-color-5)","background-image":"","background-repeat":"repeat","background-position":"center center","background-size":"auto","background-attachment":"scroll","background-type":"","background-media":"","overlay-type":"","overlay-color":"","overlay-opacity":"","overlay-gradient":""},"mobile":{"background-color":"var(--ast-global-color-5)","background-image":"","background-repeat":"repeat","background-position":"center center","background-size":"auto","background-attachment":"scroll","background-type":"","background-media":"","overlay-type":"","overlay-color":"","overlay-opacity":"","overlay-gradient":""}},"footnotes":""},"class_list":["post-26","page","type-page","status-publish","hentry"],"_links":{"self":[{"href":"https:\/\/dlmneu.vhs-dithmarschen.de\/index.php\/wp-json\/wp\/v2\/pages\/26","targetHints":{"allow":["GET"]}}],"collection":[{"href":"https:\/\/dlmneu.vhs-dithmarschen.de\/index.php\/wp-json\/wp\/v2\/pages"}],"about":[{"href":"https:\/\/dlmneu.vhs-dithmarschen.de\/index.php\/wp-json\/wp\/v2\/types\/page"}],"author":[{"embeddable":true,"href":"https:\/\/dlmneu.vhs-dithmarschen.de\/index.php\/wp-json\/wp\/v2\/users\/1"}],"replies":[{"embeddable":true,"href":"https:\/\/dlmneu.vhs-dithmarschen.de\/index.php\/wp-json\/wp\/v2\/comments?post=26"}],"version-history":[{"count":104,"href":"https:\/\/dlmneu.vhs-dithmarschen.de\/index.php\/wp-json\/wp\/v2\/pages\/26\/revisions"}],"predecessor-version":[{"id":789,"href":"https:\/\/dlmneu.vhs-dithmarschen.de\/index.php\/wp-json\/wp\/v2\/pages\/26\/revisions\/789"}],"wp:attachment":[{"href":"https:\/\/dlmneu.vhs-dithmarschen.de\/index.php\/wp-json\/wp\/v2\/media?parent=26"}],"curies":[{"name":"wp","href":"https:\/\/api.w.org\/{rel}","templated":true}]}}